{"id":4534,"date":"2021-05-09T22:57:17","date_gmt":"2021-05-10T08:57:17","guid":{"rendered":"https:\/\/oeng2665.odns.fr\/tahiti-homes.com?page_id=4534"},"modified":"2021-05-13T22:22:38","modified_gmt":"2021-05-14T08:22:38","slug":"why-choosing-us","status":"publish","type":"page","link":"https:\/\/tahiti-homes.com\/en\/why-choosing-us\/","title":{"rendered":"Why choosing us ?"},"content":{"rendered":"\t\t<div data-elementor-type=\"wp-page\" data-elementor-id=\"4534\" class=\"elementor elementor-4534\">\n\t\t\t\t\t\t<section class=\"elementor-section elementor-top-section elementor-element elementor-element-a5ecb5c elementor-section-boxed elementor-section-height-default elementor-section-height-default\" data-id=\"a5ecb5c\" data-element_type=\"section\" data-e-type=\"section\" data-settings=\"{&quot;jet_parallax_layout_list&quot;:[{&quot;jet_parallax_layout_image&quot;:{&quot;url&quot;:&quot;&quot;,&quot;id&quot;:&quot;&quot;,&quot;size&quot;:&quot;&quot;},&quot;_id&quot;:&quot;09e5900&quot;,&quot;jet_parallax_layout_image_tablet&quot;:{&quot;url&quot;:&quot;&quot;,&quot;id&quot;:&quot;&quot;,&quot;size&quot;:&quot;&quot;},&quot;jet_parallax_layout_image_mobile&quot;:{&quot;url&quot;:&quot;&quot;,&quot;id&quot;:&quot;&quot;,&quot;size&quot;:&quot;&quot;},&quot;jet_parallax_layout_speed&quot;:{&quot;unit&quot;:&quot;%&quot;,&quot;size&quot;:50,&quot;sizes&quot;:[]},&quot;jet_parallax_layout_type&quot;:&quot;scroll&quot;,&quot;jet_parallax_layout_direction&quot;:&quot;1&quot;,&quot;jet_parallax_layout_fx_direction&quot;:null,&quot;jet_parallax_layout_z_index&quot;:&quot;&quot;,&quot;jet_parallax_layout_bg_x&quot;:50,&quot;jet_parallax_layout_bg_x_tablet&quot;:&quot;&quot;,&quot;jet_parallax_layout_bg_x_mobile&quot;:&quot;&quot;,&quot;jet_parallax_layout_bg_y&quot;:50,&quot;jet_parallax_layout_bg_y_tablet&quot;:&quot;&quot;,&quot;jet_parallax_layout_bg_y_mobile&quot;:&quot;&quot;,&quot;jet_parallax_layout_bg_size&quot;:&quot;auto&quot;,&quot;jet_parallax_layout_bg_size_tablet&quot;:&quot;&quot;,&quot;jet_parallax_layout_bg_size_mobile&quot;:&quot;&quot;,&quot;jet_parallax_layout_animation_prop&quot;:&quot;transform&quot;,&quot;jet_parallax_layout_on&quot;:[&quot;desktop&quot;,&quot;tablet&quot;]}],&quot;background_background&quot;:&quot;classic&quot;}\">\n\t\t\t\t\t\t<div class=\"elementor-container elementor-column-gap-default\">\n\t\t\t\t\t<div class=\"elementor-column elementor-col-50 elementor-top-column elementor-element elementor-element-460b2660\" data-id=\"460b2660\" data-element_type=\"column\" data-e-type=\"column\">\n\t\t\t<div class=\"elementor-widget-wrap\">\n\t\t\t\t\t\t\t<\/div>\n\t\t<\/div>\n\t\t\t\t<div class=\"elementor-column elementor-col-50 elementor-top-column elementor-element elementor-element-694876e1\" data-id=\"694876e1\" data-element_type=\"column\" data-e-type=\"column\" data-settings=\"{&quot;background_background&quot;:&quot;classic&quot;}\">\n\t\t\t<div class=\"elementor-widget-wrap elementor-element-populated\">\n\t\t\t\t\t\t<div class=\"elementor-element elementor-element-1d9d4ae elementor-widget elementor-widget-heading\" data-id=\"1d9d4ae\" data-element_type=\"widget\" data-e-type=\"widget\" data-widget_type=\"heading.default\">\n\t\t\t\t<div class=\"elementor-widget-container\">\n\t\t\t\t\t<h1 class=\"elementor-heading-title elementor-size-default\">Why choosing us?<\/h1>\t\t\t\t<\/div>\n\t\t\t\t<\/div>\n\t\t\t\t<div class=\"elementor-element elementor-element-5c4c02b2 elementor-widget elementor-widget-text-editor\" data-id=\"5c4c02b2\" data-element_type=\"widget\" data-e-type=\"widget\" data-widget_type=\"text-editor.default\">\n\t\t\t\t<div class=\"elementor-widget-container\">\n\t\t\t\t\t\t\t\t\tWHAT IS THE DRIVING FORCE BEHIND OUR BUSINESS AND WHAT MAKES US SO SPECIAL?\t\t\t\t\t\t\t\t<\/div>\n\t\t\t\t<\/div>\n\t\t\t\t\t<\/div>\n\t\t<\/div>\n\t\t\t\t\t<\/div>\n\t\t<\/section>\n\t\t\t\t<section class=\"elementor-section elementor-top-section elementor-element elementor-element-21178626 elementor-section-boxed elementor-section-height-default elementor-section-height-default\" data-id=\"21178626\" data-element_type=\"section\" data-e-type=\"section\" data-settings=\"{&quot;jet_parallax_layout_list&quot;:[{&quot;jet_parallax_layout_image&quot;:{&quot;url&quot;:&quot;&quot;,&quot;id&quot;:&quot;&quot;,&quot;size&quot;:&quot;&quot;},&quot;_id&quot;:&quot;69eefbf&quot;,&quot;jet_parallax_layout_image_tablet&quot;:{&quot;url&quot;:&quot;&quot;,&quot;id&quot;:&quot;&quot;,&quot;size&quot;:&quot;&quot;},&quot;jet_parallax_layout_image_mobile&quot;:{&quot;url&quot;:&quot;&quot;,&quot;id&quot;:&quot;&quot;,&quot;size&quot;:&quot;&quot;},&quot;jet_parallax_layout_speed&quot;:{&quot;unit&quot;:&quot;%&quot;,&quot;size&quot;:50,&quot;sizes&quot;:[]},&quot;jet_parallax_layout_type&quot;:&quot;scroll&quot;,&quot;jet_parallax_layout_direction&quot;:&quot;1&quot;,&quot;jet_parallax_layout_fx_direction&quot;:null,&quot;jet_parallax_layout_z_index&quot;:&quot;&quot;,&quot;jet_parallax_layout_bg_x&quot;:50,&quot;jet_parallax_layout_bg_x_tablet&quot;:&quot;&quot;,&quot;jet_parallax_layout_bg_x_mobile&quot;:&quot;&quot;,&quot;jet_parallax_layout_bg_y&quot;:50,&quot;jet_parallax_layout_bg_y_tablet&quot;:&quot;&quot;,&quot;jet_parallax_layout_bg_y_mobile&quot;:&quot;&quot;,&quot;jet_parallax_layout_bg_size&quot;:&quot;auto&quot;,&quot;jet_parallax_layout_bg_size_tablet&quot;:&quot;&quot;,&quot;jet_parallax_layout_bg_size_mobile&quot;:&quot;&quot;,&quot;jet_parallax_layout_animation_prop&quot;:&quot;transform&quot;,&quot;jet_parallax_layout_on&quot;:[&quot;desktop&quot;,&quot;tablet&quot;]}]}\">\n\t\t\t\t\t\t<div class=\"elementor-container elementor-column-gap-default\">\n\t\t\t\t\t<div class=\"elementor-column elementor-col-100 elementor-top-column elementor-element elementor-element-11cea20e\" data-id=\"11cea20e\" data-element_type=\"column\" data-e-type=\"column\" data-settings=\"{&quot;background_background&quot;:&quot;classic&quot;}\">\n\t\t\t<div class=\"elementor-widget-wrap elementor-element-populated\">\n\t\t\t\t\t\t<div class=\"elementor-element elementor-element-497aaf23 elementor-widget elementor-widget-heading\" data-id=\"497aaf23\" data-element_type=\"widget\" data-e-type=\"widget\" data-widget_type=\"heading.default\">\n\t\t\t\t<div class=\"elementor-widget-container\">\n\t\t\t\t\t<h2 class=\"elementor-heading-title elementor-size-default\">Do the right choice, choose Tahiti Homes<\/h2>\t\t\t\t<\/div>\n\t\t\t\t<\/div>\n\t\t\t\t\t<\/div>\n\t\t<\/div>\n\t\t\t\t\t<\/div>\n\t\t<\/section>\n\t\t\t\t<section class=\"elementor-section elementor-top-section elementor-element elementor-element-4fb60194 elementor-section-boxed elementor-section-height-default elementor-section-height-default\" data-id=\"4fb60194\" data-element_type=\"section\" data-e-type=\"section\" data-settings=\"{&quot;jet_parallax_layout_list&quot;:[{&quot;jet_parallax_layout_image&quot;:{&quot;url&quot;:&quot;&quot;,&quot;id&quot;:&quot;&quot;,&quot;size&quot;:&quot;&quot;},&quot;_id&quot;:&quot;9eb1f0d&quot;,&quot;jet_parallax_layout_image_tablet&quot;:{&quot;url&quot;:&quot;&quot;,&quot;id&quot;:&quot;&quot;,&quot;size&quot;:&quot;&quot;},&quot;jet_parallax_layout_image_mobile&quot;:{&quot;url&quot;:&quot;&quot;,&quot;id&quot;:&quot;&quot;,&quot;size&quot;:&quot;&quot;},&quot;jet_parallax_layout_speed&quot;:{&quot;unit&quot;:&quot;%&quot;,&quot;size&quot;:50,&quot;sizes&quot;:[]},&quot;jet_parallax_layout_type&quot;:&quot;scroll&quot;,&quot;jet_parallax_layout_direction&quot;:&quot;1&quot;,&quot;jet_parallax_layout_fx_direction&quot;:null,&quot;jet_parallax_layout_z_index&quot;:&quot;&quot;,&quot;jet_parallax_layout_bg_x&quot;:50,&quot;jet_parallax_layout_bg_x_tablet&quot;:&quot;&quot;,&quot;jet_parallax_layout_bg_x_mobile&quot;:&quot;&quot;,&quot;jet_parallax_layout_bg_y&quot;:50,&quot;jet_parallax_layout_bg_y_tablet&quot;:&quot;&quot;,&quot;jet_parallax_layout_bg_y_mobile&quot;:&quot;&quot;,&quot;jet_parallax_layout_bg_size&quot;:&quot;auto&quot;,&quot;jet_parallax_layout_bg_size_tablet&quot;:&quot;&quot;,&quot;jet_parallax_layout_bg_size_mobile&quot;:&quot;&quot;,&quot;jet_parallax_layout_animation_prop&quot;:&quot;transform&quot;,&quot;jet_parallax_layout_on&quot;:[&quot;desktop&quot;,&quot;tablet&quot;]}]}\">\n\t\t\t\t\t\t<div class=\"elementor-container elementor-column-gap-default\">\n\t\t\t\t\t<div class=\"elementor-column elementor-col-100 elementor-top-column elementor-element elementor-element-100b9466\" data-id=\"100b9466\" data-element_type=\"column\" data-e-type=\"column\">\n\t\t\t<div class=\"elementor-widget-wrap elementor-element-populated\">\n\t\t\t\t\t\t<div class=\"elementor-element elementor-element-c45a032 elementor-icon-list--layout-traditional elementor-list-item-link-full_width elementor-widget elementor-widget-icon-list\" data-id=\"c45a032\" data-element_type=\"widget\" data-e-type=\"widget\" data-widget_type=\"icon-list.default\">\n\t\t\t\t<div class=\"elementor-widget-container\">\n\t\t\t\t\t\t\t<ul class=\"elementor-icon-list-items\">\n\t\t\t\t\t\t\t<li class=\"elementor-icon-list-item\">\n\t\t\t\t\t\t\t\t\t\t\t<span class=\"elementor-icon-list-icon\">\n\t\t\t\t\t\t\t<i aria-hidden=\"true\" class=\"fas fa-check\"><\/i>\t\t\t\t\t\t<\/span>\n\t\t\t\t\t\t\t\t\t\t<span class=\"elementor-icon-list-text\">Our top priority is our owners and guests satisfaction.<\/span>\n\t\t\t\t\t\t\t\t\t<\/li>\n\t\t\t\t\t\t\t\t<li class=\"elementor-icon-list-item\">\n\t\t\t\t\t\t\t\t\t\t\t<span class=\"elementor-icon-list-icon\">\n\t\t\t\t\t\t\t<i aria-hidden=\"true\" class=\"fas fa-check\"><\/i>\t\t\t\t\t\t<\/span>\n\t\t\t\t\t\t\t\t\t\t<span class=\"elementor-icon-list-text\">Our home is Tahiti and her Islands and we invite each of our guests to share our passion for these islands in our very special way<\/span>\n\t\t\t\t\t\t\t\t\t<\/li>\n\t\t\t\t\t\t\t\t<li class=\"elementor-icon-list-item\">\n\t\t\t\t\t\t\t\t\t\t\t<span class=\"elementor-icon-list-icon\">\n\t\t\t\t\t\t\t<i aria-hidden=\"true\" class=\"fas fa-check\"><\/i>\t\t\t\t\t\t<\/span>\n\t\t\t\t\t\t\t\t\t\t<span class=\"elementor-icon-list-text\"> We don\u2019t think global but local<\/span>\n\t\t\t\t\t\t\t\t\t<\/li>\n\t\t\t\t\t\t\t\t<li class=\"elementor-icon-list-item\">\n\t\t\t\t\t\t\t\t\t\t\t<span class=\"elementor-icon-list-icon\">\n\t\t\t\t\t\t\t<i aria-hidden=\"true\" class=\"fas fa-check\"><\/i>\t\t\t\t\t\t<\/span>\n\t\t\t\t\t\t\t\t\t\t<span class=\"elementor-icon-list-text\"> Each property has been visited by a member of our team, and we know each owner personally.<\/span>\n\t\t\t\t\t\t\t\t\t<\/li>\n\t\t\t\t\t\t\t\t<li class=\"elementor-icon-list-item\">\n\t\t\t\t\t\t\t\t\t\t\t<span class=\"elementor-icon-list-icon\">\n\t\t\t\t\t\t\t<i aria-hidden=\"true\" class=\"fas fa-check\"><\/i>\t\t\t\t\t\t<\/span>\n\t\t\t\t\t\t\t\t\t\t<span class=\"elementor-icon-list-text\">We know exactly how each property works<\/span>\n\t\t\t\t\t\t\t\t\t<\/li>\n\t\t\t\t\t\t\t\t<li class=\"elementor-icon-list-item\">\n\t\t\t\t\t\t\t\t\t\t\t<span class=\"elementor-icon-list-icon\">\n\t\t\t\t\t\t\t<i aria-hidden=\"true\" class=\"fas fa-check\"><\/i>\t\t\t\t\t\t<\/span>\n\t\t\t\t\t\t\t\t\t\t<span class=\"elementor-icon-list-text\">Living in the islands for more than a decade, this beautiful part of the world has no secrets from us and we will be pleased to share with you its assets and attractions<\/span>\n\t\t\t\t\t\t\t\t\t<\/li>\n\t\t\t\t\t\t\t\t<li class=\"elementor-icon-list-item\">\n\t\t\t\t\t\t\t\t\t\t\t<span class=\"elementor-icon-list-icon\">\n\t\t\t\t\t\t\t<i aria-hidden=\"true\" class=\"fas fa-check\"><\/i>\t\t\t\t\t\t<\/span>\n\t\t\t\t\t\t\t\t\t\t<span class=\"elementor-icon-list-text\">Our background in the hospitality industry makes us more than anyone else aware about guests\u2019 expectations<\/span>\n\t\t\t\t\t\t\t\t\t<\/li>\n\t\t\t\t\t\t\t\t<li class=\"elementor-icon-list-item\">\n\t\t\t\t\t\t\t\t\t\t\t<span class=\"elementor-icon-list-icon\">\n\t\t\t\t\t\t\t<i aria-hidden=\"true\" class=\"fas fa-check\"><\/i>\t\t\t\t\t\t<\/span>\n\t\t\t\t\t\t\t\t\t\t<span class=\"elementor-icon-list-text\">We care about our guests and assist them before, during and after their stay<\/span>\n\t\t\t\t\t\t\t\t\t<\/li>\n\t\t\t\t\t\t\t\t<li class=\"elementor-icon-list-item\">\n\t\t\t\t\t\t\t\t\t\t\t<span class=\"elementor-icon-list-icon\">\n\t\t\t\t\t\t\t<i aria-hidden=\"true\" class=\"fas fa-check\"><\/i>\t\t\t\t\t\t<\/span>\n\t\t\t\t\t\t\t\t\t\t<span class=\"elementor-icon-list-text\">Upon arrival our guests receive much more than a set of keys<\/span>\n\t\t\t\t\t\t\t\t\t<\/li>\n\t\t\t\t\t\t\t\t<li class=\"elementor-icon-list-item\">\n\t\t\t\t\t\t\t\t\t\t\t<span class=\"elementor-icon-list-icon\">\n\t\t\t\t\t\t\t<i aria-hidden=\"true\" class=\"fas fa-check\"><\/i>\t\t\t\t\t\t<\/span>\n\t\t\t\t\t\t\t\t\t\t<span class=\"elementor-icon-list-text\">Quintessential Tahiti is our concierge services available to all our guests<\/span>\n\t\t\t\t\t\t\t\t\t<\/li>\n\t\t\t\t\t\t<\/ul>\n\t\t\t\t\t\t<\/div>\n\t\t\t\t<\/div>\n\t\t\t\t\t<\/div>\n\t\t<\/div>\n\t\t\t\t\t<\/div>\n\t\t<\/section>\n\t\t\t\t<\/div>\n\t\t","protected":false},"excerpt":{"rendered":"<p>Why choosing us? WHAT IS THE DRIVING FORCE BEHIND OUR BUSINESS AND WHAT MAKES US SO SPECIAL? Do the right choice, choose Tahiti Homes Our top priority is our owners and guests satisfaction. Our home is Tahiti and her Islands and we invite each of our guests to share our passion for these islands in&#8230;<\/p>\n","protected":false},"author":1,"featured_media":0,"parent":0,"menu_order":0,"comment_status":"closed","ping_status":"closed","template":"elementor_header_footer","meta":{"footnotes":""},"class_list":["post-4534","page","type-page","status-publish","hentry"],"yoast_head":"<!-- This site is optimized with the Yoast SEO plugin v27.5 - https:\/\/yoast.com\/product\/yoast-seo-wordpress\/ -->\n<title>Why choosing us ? &#8211; Tahiti Homes | Agence Immobili\u00e8re - Real Estate agency<\/title>\n<meta name=\"description\" content=\"Tahiti Homes est l&#039;agence de r\u00e9f\u00e9rence en location saisonni\u00e8re en Polyn\u00e9sie. Une s\u00e9lection de Villas, appartements et un service haut de gamme sur mesure.\" \/>\n<meta name=\"robots\" content=\"index, follow, max-snippet:-1, max-image-preview:large, max-video-preview:-1\" \/>\n<link rel=\"canonical\" href=\"https:\/\/tahiti-homes.com\/en\/why-choosing-us\/\" \/>\n<meta property=\"og:locale\" content=\"en_US\" \/>\n<meta property=\"og:type\" content=\"article\" \/>\n<meta property=\"og:title\" content=\"Why choosing us ? &#8211; Tahiti Homes | Agence Immobili\u00e8re - Real Estate agency\" \/>\n<meta property=\"og:description\" content=\"Tahiti Homes est l&#039;agence de r\u00e9f\u00e9rence en location saisonni\u00e8re en Polyn\u00e9sie. Une s\u00e9lection de Villas, appartements et un service haut de gamme sur mesure.\" \/>\n<meta property=\"og:url\" content=\"https:\/\/tahiti-homes.com\/en\/why-choosing-us\/\" \/>\n<meta property=\"og:site_name\" content=\"Tahiti Homes | Agence Immobili\u00e8re - Real Estate agency\" \/>\n<meta property=\"article:publisher\" content=\"https:\/\/www.facebook.com\/Tahiti.Homes.vacation.rentals\/\" \/>\n<meta property=\"article:modified_time\" content=\"2021-05-14T08:22:38+00:00\" \/>\n<meta name=\"twitter:card\" content=\"summary_large_image\" \/>\n<meta name=\"twitter:label1\" content=\"Est. reading time\" \/>\n\t<meta name=\"twitter:data1\" content=\"1 minute\" \/>\n<script type=\"application\/ld+json\" class=\"yoast-schema-graph\">{\"@context\":\"https:\\\/\\\/schema.org\",\"@graph\":[{\"@type\":\"WebPage\",\"@id\":\"https:\\\/\\\/tahiti-homes.com\\\/en\\\/why-choosing-us\\\/\",\"url\":\"https:\\\/\\\/tahiti-homes.com\\\/en\\\/why-choosing-us\\\/\",\"name\":\"Why choosing us ? &#8211; Tahiti Homes | Agence Immobili\u00e8re - Real Estate agency\",\"isPartOf\":{\"@id\":\"https:\\\/\\\/tahiti-homes.com\\\/en\\\/#website\"},\"datePublished\":\"2021-05-10T08:57:17+00:00\",\"dateModified\":\"2021-05-14T08:22:38+00:00\",\"description\":\"Tahiti Homes est l&#039;agence de r\u00e9f\u00e9rence en location saisonni\u00e8re en Polyn\u00e9sie. Une s\u00e9lection de Villas, appartements et un service haut de gamme sur mesure.\",\"breadcrumb\":{\"@id\":\"https:\\\/\\\/tahiti-homes.com\\\/en\\\/why-choosing-us\\\/#breadcrumb\"},\"inLanguage\":\"en-US\",\"potentialAction\":[{\"@type\":\"ReadAction\",\"target\":[\"https:\\\/\\\/tahiti-homes.com\\\/en\\\/why-choosing-us\\\/\"]}]},{\"@type\":\"BreadcrumbList\",\"@id\":\"https:\\\/\\\/tahiti-homes.com\\\/en\\\/why-choosing-us\\\/#breadcrumb\",\"itemListElement\":[{\"@type\":\"ListItem\",\"position\":1,\"name\":\"Home\",\"item\":\"https:\\\/\\\/tahiti-homes.com\\\/en\\\/\"},{\"@type\":\"ListItem\",\"position\":2,\"name\":\"Why choosing us ?\"}]},{\"@type\":\"WebSite\",\"@id\":\"https:\\\/\\\/tahiti-homes.com\\\/en\\\/#website\",\"url\":\"https:\\\/\\\/tahiti-homes.com\\\/en\\\/\",\"name\":\"Tahiti Homes | Agence Immobili\u00e8re - Real Estate agency\",\"description\":\"Location saisonni\u00e8re, Achat, Vente, Location | Vacation rentals, Properties for sale &amp; for rent\",\"publisher\":{\"@id\":\"https:\\\/\\\/tahiti-homes.com\\\/en\\\/#organization\"},\"potentialAction\":[{\"@type\":\"SearchAction\",\"target\":{\"@type\":\"EntryPoint\",\"urlTemplate\":\"https:\\\/\\\/tahiti-homes.com\\\/en\\\/?s={search_term_string}\"},\"query-input\":{\"@type\":\"PropertyValueSpecification\",\"valueRequired\":true,\"valueName\":\"search_term_string\"}}],\"inLanguage\":\"en-US\"},{\"@type\":\"Organization\",\"@id\":\"https:\\\/\\\/tahiti-homes.com\\\/en\\\/#organization\",\"name\":\"Tahiti Homes | Agence immobili\u00e8re\",\"url\":\"https:\\\/\\\/tahiti-homes.com\\\/en\\\/\",\"logo\":{\"@type\":\"ImageObject\",\"inLanguage\":\"en-US\",\"@id\":\"https:\\\/\\\/tahiti-homes.com\\\/en\\\/#\\\/schema\\\/logo\\\/image\\\/\",\"url\":\"https:\\\/\\\/tahiti-homes.com\\\/wp-content\\\/uploads\\\/2021\\\/03\\\/logo.png\",\"contentUrl\":\"https:\\\/\\\/tahiti-homes.com\\\/wp-content\\\/uploads\\\/2021\\\/03\\\/logo.png\",\"width\":279,\"height\":108,\"caption\":\"Tahiti Homes | Agence immobili\u00e8re\"},\"image\":{\"@id\":\"https:\\\/\\\/tahiti-homes.com\\\/en\\\/#\\\/schema\\\/logo\\\/image\\\/\"},\"sameAs\":[\"https:\\\/\\\/www.facebook.com\\\/Tahiti.Homes.vacation.rentals\\\/\",\"https:\\\/\\\/www.instagram.com\\\/tahiti_homes\\\/\",\"https:\\\/\\\/www.linkedin.com\\\/company\\\/tahiti-homes---vacation-rentals-&amp;-realty\",\"https:\\\/\\\/www.youtube.com\\\/TahitiHomes\"]}]}<\/script>\n<!-- \/ Yoast SEO plugin. -->","yoast_head_json":{"title":"Why choosing us ? &#8211; Tahiti Homes | Agence Immobili\u00e8re - Real Estate agency","description":"Tahiti Homes est l&#039;agence de r\u00e9f\u00e9rence en location saisonni\u00e8re en Polyn\u00e9sie. Une s\u00e9lection de Villas, appartements et un service haut de gamme sur mesure.","robots":{"index":"index","follow":"follow","max-snippet":"max-snippet:-1","max-image-preview":"max-image-preview:large","max-video-preview":"max-video-preview:-1"},"canonical":"https:\/\/tahiti-homes.com\/en\/why-choosing-us\/","og_locale":"en_US","og_type":"article","og_title":"Why choosing us ? &#8211; Tahiti Homes | Agence Immobili\u00e8re - Real Estate agency","og_description":"Tahiti Homes est l&#039;agence de r\u00e9f\u00e9rence en location saisonni\u00e8re en Polyn\u00e9sie. Une s\u00e9lection de Villas, appartements et un service haut de gamme sur mesure.","og_url":"https:\/\/tahiti-homes.com\/en\/why-choosing-us\/","og_site_name":"Tahiti Homes | Agence Immobili\u00e8re - Real Estate agency","article_publisher":"https:\/\/www.facebook.com\/Tahiti.Homes.vacation.rentals\/","article_modified_time":"2021-05-14T08:22:38+00:00","twitter_card":"summary_large_image","twitter_misc":{"Est. reading time":"1 minute"},"schema":{"@context":"https:\/\/schema.org","@graph":[{"@type":"WebPage","@id":"https:\/\/tahiti-homes.com\/en\/why-choosing-us\/","url":"https:\/\/tahiti-homes.com\/en\/why-choosing-us\/","name":"Why choosing us ? &#8211; Tahiti Homes | Agence Immobili\u00e8re - Real Estate agency","isPartOf":{"@id":"https:\/\/tahiti-homes.com\/en\/#website"},"datePublished":"2021-05-10T08:57:17+00:00","dateModified":"2021-05-14T08:22:38+00:00","description":"Tahiti Homes est l&#039;agence de r\u00e9f\u00e9rence en location saisonni\u00e8re en Polyn\u00e9sie. Une s\u00e9lection de Villas, appartements et un service haut de gamme sur mesure.","breadcrumb":{"@id":"https:\/\/tahiti-homes.com\/en\/why-choosing-us\/#breadcrumb"},"inLanguage":"en-US","potentialAction":[{"@type":"ReadAction","target":["https:\/\/tahiti-homes.com\/en\/why-choosing-us\/"]}]},{"@type":"BreadcrumbList","@id":"https:\/\/tahiti-homes.com\/en\/why-choosing-us\/#breadcrumb","itemListElement":[{"@type":"ListItem","position":1,"name":"Home","item":"https:\/\/tahiti-homes.com\/en\/"},{"@type":"ListItem","position":2,"name":"Why choosing us ?"}]},{"@type":"WebSite","@id":"https:\/\/tahiti-homes.com\/en\/#website","url":"https:\/\/tahiti-homes.com\/en\/","name":"Tahiti Homes | Agence Immobili\u00e8re - Real Estate agency","description":"Location saisonni\u00e8re, Achat, Vente, Location | Vacation rentals, Properties for sale &amp; for rent","publisher":{"@id":"https:\/\/tahiti-homes.com\/en\/#organization"},"potentialAction":[{"@type":"SearchAction","target":{"@type":"EntryPoint","urlTemplate":"https:\/\/tahiti-homes.com\/en\/?s={search_term_string}"},"query-input":{"@type":"PropertyValueSpecification","valueRequired":true,"valueName":"search_term_string"}}],"inLanguage":"en-US"},{"@type":"Organization","@id":"https:\/\/tahiti-homes.com\/en\/#organization","name":"Tahiti Homes | Agence immobili\u00e8re","url":"https:\/\/tahiti-homes.com\/en\/","logo":{"@type":"ImageObject","inLanguage":"en-US","@id":"https:\/\/tahiti-homes.com\/en\/#\/schema\/logo\/image\/","url":"https:\/\/tahiti-homes.com\/wp-content\/uploads\/2021\/03\/logo.png","contentUrl":"https:\/\/tahiti-homes.com\/wp-content\/uploads\/2021\/03\/logo.png","width":279,"height":108,"caption":"Tahiti Homes | Agence immobili\u00e8re"},"image":{"@id":"https:\/\/tahiti-homes.com\/en\/#\/schema\/logo\/image\/"},"sameAs":["https:\/\/www.facebook.com\/Tahiti.Homes.vacation.rentals\/","https:\/\/www.instagram.com\/tahiti_homes\/","https:\/\/www.linkedin.com\/company\/tahiti-homes---vacation-rentals-&amp;-realty","https:\/\/www.youtube.com\/TahitiHomes"]}]}},"_links":{"self":[{"href":"https:\/\/tahiti-homes.com\/en\/wp-json\/wp\/v2\/pages\/4534","targetHints":{"allow":["GET"]}}],"collection":[{"href":"https:\/\/tahiti-homes.com\/en\/wp-json\/wp\/v2\/pages"}],"about":[{"href":"https:\/\/tahiti-homes.com\/en\/wp-json\/wp\/v2\/types\/page"}],"author":[{"embeddable":true,"href":"https:\/\/tahiti-homes.com\/en\/wp-json\/wp\/v2\/users\/1"}],"replies":[{"embeddable":true,"href":"https:\/\/tahiti-homes.com\/en\/wp-json\/wp\/v2\/comments?post=4534"}],"version-history":[{"count":6,"href":"https:\/\/tahiti-homes.com\/en\/wp-json\/wp\/v2\/pages\/4534\/revisions"}],"predecessor-version":[{"id":7869,"href":"https:\/\/tahiti-homes.com\/en\/wp-json\/wp\/v2\/pages\/4534\/revisions\/7869"}],"wp:attachment":[{"href":"https:\/\/tahiti-homes.com\/en\/wp-json\/wp\/v2\/media?parent=4534"}],"curies":[{"name":"wp","href":"https:\/\/api.w.org\/{rel}","templated":true}]}}