{"id":4536,"date":"2021-05-09T22:58:11","date_gmt":"2021-05-10T08:58:11","guid":{"rendered":"https:\/\/oeng2665.odns.fr\/tahiti-homes.com?page_id=4536"},"modified":"2021-05-13T22:29:59","modified_gmt":"2021-05-14T08:29:59","slug":"owner-information","status":"publish","type":"page","link":"https:\/\/tahiti-homes.com\/en\/owner-information\/","title":{"rendered":"Guest information"},"content":{"rendered":"\t\t<div data-elementor-type=\"wp-page\" data-elementor-id=\"4536\" class=\"elementor elementor-4536\">\n\t\t\t\t\t\t<section class=\"elementor-section elementor-top-section elementor-element elementor-element-713187e3 elementor-section-boxed elementor-section-height-default elementor-section-height-default\" data-id=\"713187e3\" data-element_type=\"section\" data-e-type=\"section\" data-settings=\"{&quot;jet_parallax_layout_list&quot;:[{&quot;jet_parallax_layout_image&quot;:{&quot;url&quot;:&quot;&quot;,&quot;id&quot;:&quot;&quot;,&quot;size&quot;:&quot;&quot;},&quot;_id&quot;:&quot;09e5900&quot;,&quot;jet_parallax_layout_image_tablet&quot;:{&quot;url&quot;:&quot;&quot;,&quot;id&quot;:&quot;&quot;,&quot;size&quot;:&quot;&quot;},&quot;jet_parallax_layout_image_mobile&quot;:{&quot;url&quot;:&quot;&quot;,&quot;id&quot;:&quot;&quot;,&quot;size&quot;:&quot;&quot;},&quot;jet_parallax_layout_speed&quot;:{&quot;unit&quot;:&quot;%&quot;,&quot;size&quot;:50,&quot;sizes&quot;:[]},&quot;jet_parallax_layout_type&quot;:&quot;scroll&quot;,&quot;jet_parallax_layout_direction&quot;:&quot;1&quot;,&quot;jet_parallax_layout_fx_direction&quot;:null,&quot;jet_parallax_layout_z_index&quot;:&quot;&quot;,&quot;jet_parallax_layout_bg_x&quot;:50,&quot;jet_parallax_layout_bg_x_tablet&quot;:&quot;&quot;,&quot;jet_parallax_layout_bg_x_mobile&quot;:&quot;&quot;,&quot;jet_parallax_layout_bg_y&quot;:50,&quot;jet_parallax_layout_bg_y_tablet&quot;:&quot;&quot;,&quot;jet_parallax_layout_bg_y_mobile&quot;:&quot;&quot;,&quot;jet_parallax_layout_bg_size&quot;:&quot;auto&quot;,&quot;jet_parallax_layout_bg_size_tablet&quot;:&quot;&quot;,&quot;jet_parallax_layout_bg_size_mobile&quot;:&quot;&quot;,&quot;jet_parallax_layout_animation_prop&quot;:&quot;transform&quot;,&quot;jet_parallax_layout_on&quot;:[&quot;desktop&quot;,&quot;tablet&quot;]}],&quot;background_background&quot;:&quot;classic&quot;}\">\n\t\t\t\t\t\t<div class=\"elementor-container elementor-column-gap-default\">\n\t\t\t\t\t<div class=\"elementor-column elementor-col-50 elementor-top-column elementor-element elementor-element-5652d7f2\" data-id=\"5652d7f2\" data-element_type=\"column\" data-e-type=\"column\">\n\t\t\t<div class=\"elementor-widget-wrap\">\n\t\t\t\t\t\t\t<\/div>\n\t\t<\/div>\n\t\t\t\t<div class=\"elementor-column elementor-col-50 elementor-top-column elementor-element elementor-element-afbd99c\" data-id=\"afbd99c\" data-element_type=\"column\" data-e-type=\"column\" data-settings=\"{&quot;background_background&quot;:&quot;classic&quot;}\">\n\t\t\t<div class=\"elementor-widget-wrap elementor-element-populated\">\n\t\t\t\t\t\t<div class=\"elementor-element elementor-element-4d77cb81 elementor-widget elementor-widget-heading\" data-id=\"4d77cb81\" data-element_type=\"widget\" data-e-type=\"widget\" data-widget_type=\"heading.default\">\n\t\t\t\t<div class=\"elementor-widget-container\">\n\t\t\t\t\t<h1 class=\"elementor-heading-title elementor-size-default\">Information for Our Owner<\/h1>\t\t\t\t<\/div>\n\t\t\t\t<\/div>\n\t\t\t\t<div class=\"elementor-element elementor-element-79a26c3e elementor-widget elementor-widget-text-editor\" data-id=\"79a26c3e\" data-element_type=\"widget\" data-e-type=\"widget\" data-widget_type=\"text-editor.default\">\n\t\t\t\t<div class=\"elementor-widget-container\">\n\t\t\t\t\t\t\t\t\t<div>Welcome to Tahiti Homes \u2013 Vacation Rentals &amp; Realty!<\/div>\n\n<div>We have built our reputation on providing quality short-term rentals with superior customer services, so congratulations \u2013 you have just taken the first step to a terrific stay with us! We specialize in renting the right home to the right guest and have with the experience and team in place to help insure your complete satisfaction with our personalized services.<\/div>\t\t\t\t\t\t\t\t<\/div>\n\t\t\t\t<\/div>\n\t\t\t\t\t<\/div>\n\t\t<\/div>\n\t\t\t\t\t<\/div>\n\t\t<\/section>\n\t\t\t\t<section class=\"elementor-section elementor-top-section elementor-element elementor-element-729c30d1 elementor-section-boxed elementor-section-height-default elementor-section-height-default\" data-id=\"729c30d1\" data-element_type=\"section\" data-e-type=\"section\" data-settings=\"{&quot;jet_parallax_layout_list&quot;:[{&quot;jet_parallax_layout_image&quot;:{&quot;url&quot;:&quot;&quot;,&quot;id&quot;:&quot;&quot;,&quot;size&quot;:&quot;&quot;},&quot;_id&quot;:&quot;69eefbf&quot;,&quot;jet_parallax_layout_image_tablet&quot;:{&quot;url&quot;:&quot;&quot;,&quot;id&quot;:&quot;&quot;,&quot;size&quot;:&quot;&quot;},&quot;jet_parallax_layout_image_mobile&quot;:{&quot;url&quot;:&quot;&quot;,&quot;id&quot;:&quot;&quot;,&quot;size&quot;:&quot;&quot;},&quot;jet_parallax_layout_speed&quot;:{&quot;unit&quot;:&quot;%&quot;,&quot;size&quot;:50,&quot;sizes&quot;:[]},&quot;jet_parallax_layout_type&quot;:&quot;scroll&quot;,&quot;jet_parallax_layout_direction&quot;:&quot;1&quot;,&quot;jet_parallax_layout_fx_direction&quot;:null,&quot;jet_parallax_layout_z_index&quot;:&quot;&quot;,&quot;jet_parallax_layout_bg_x&quot;:50,&quot;jet_parallax_layout_bg_x_tablet&quot;:&quot;&quot;,&quot;jet_parallax_layout_bg_x_mobile&quot;:&quot;&quot;,&quot;jet_parallax_layout_bg_y&quot;:50,&quot;jet_parallax_layout_bg_y_tablet&quot;:&quot;&quot;,&quot;jet_parallax_layout_bg_y_mobile&quot;:&quot;&quot;,&quot;jet_parallax_layout_bg_size&quot;:&quot;auto&quot;,&quot;jet_parallax_layout_bg_size_tablet&quot;:&quot;&quot;,&quot;jet_parallax_layout_bg_size_mobile&quot;:&quot;&quot;,&quot;jet_parallax_layout_animation_prop&quot;:&quot;transform&quot;,&quot;jet_parallax_layout_on&quot;:[&quot;desktop&quot;,&quot;tablet&quot;]}]}\">\n\t\t\t\t\t\t<div class=\"elementor-container elementor-column-gap-default\">\n\t\t\t\t\t<div class=\"elementor-column elementor-col-100 elementor-top-column elementor-element elementor-element-534d9f2b\" data-id=\"534d9f2b\" data-element_type=\"column\" data-e-type=\"column\" data-settings=\"{&quot;background_background&quot;:&quot;classic&quot;}\">\n\t\t\t<div class=\"elementor-widget-wrap elementor-element-populated\">\n\t\t\t\t\t\t<div class=\"elementor-element elementor-element-4bd7a8d2 elementor-widget elementor-widget-heading\" data-id=\"4bd7a8d2\" data-element_type=\"widget\" data-e-type=\"widget\" data-widget_type=\"heading.default\">\n\t\t\t\t<div class=\"elementor-widget-container\">\n\t\t\t\t\t<h2 class=\"elementor-heading-title elementor-size-default\">Your vacation \u2013 all mapped out!<\/h2>\t\t\t\t<\/div>\n\t\t\t\t<\/div>\n\t\t\t\t<div class=\"elementor-element elementor-element-72d2be6 elementor-widget elementor-widget-image\" data-id=\"72d2be6\" data-element_type=\"widget\" data-e-type=\"widget\" data-widget_type=\"image.default\">\n\t\t\t\t<div class=\"elementor-widget-container\">\n\t\t\t\t\t\t\t\t\t\t\t\t\t\t\t<img fetchpriority=\"high\" decoding=\"async\" width=\"738\" height=\"554\" src=\"https:\/\/tahiti-homes.com\/wp-content\/uploads\/2021\/05\/20170609_113630.jpeg\" class=\"attachment-large size-large wp-image-5219\" alt=\"\" srcset=\"https:\/\/tahiti-homes.com\/wp-content\/uploads\/2021\/05\/20170609_113630.jpeg 816w, https:\/\/tahiti-homes.com\/wp-content\/uploads\/2021\/05\/20170609_113630-300x225.jpeg 300w, https:\/\/tahiti-homes.com\/wp-content\/uploads\/2021\/05\/20170609_113630-768x576.jpeg 768w, https:\/\/tahiti-homes.com\/wp-content\/uploads\/2021\/05\/20170609_113630-150x113.jpeg 150w, https:\/\/tahiti-homes.com\/wp-content\/uploads\/2021\/05\/20170609_113630-680x510.jpeg 680w\" sizes=\"(max-width: 738px) 100vw, 738px\" \/>\t\t\t\t\t\t\t\t\t\t\t\t\t\t\t<\/div>\n\t\t\t\t<\/div>\n\t\t\t\t<div class=\"elementor-element elementor-element-363e2cb elementor-widget elementor-widget-text-editor\" data-id=\"363e2cb\" data-element_type=\"widget\" data-e-type=\"widget\" data-widget_type=\"text-editor.default\">\n\t\t\t\t<div class=\"elementor-widget-container\">\n\t\t\t\t\t\t\t\t\t<p>One thing that travel shoppers like about our website is that it is easy to find the right vacation rental and amenities for their needs. We know that people are not just looking for a place to stay, but an entire vacation experience, and that is why all of our listings are mapped in relation to all the activities, attractions and fun that will meet their personalized needs.<\/p>\n<p><\/p>\n<p>Do we know the area? You bet we do! If you are looking for the inside info on the best attractions and leisure activities, the best restaurants,shopping venues, the best of everything \u2013 you have come to the right place. Our staff is well prepared to provide you with personalized recommendations and service to ensure a holiday that matches your needs and dreams. We are here to help you experience the perfect vacation. Our goal is to provide customized service leading to greater customer satisfaction which will leave you wanting to vacation with us again and again.<\/p>\t\t\t\t\t\t\t\t<\/div>\n\t\t\t\t<\/div>\n\t\t\t\t\t<\/div>\n\t\t<\/div>\n\t\t\t\t\t<\/div>\n\t\t<\/section>\n\t\t\t\t<section class=\"elementor-section elementor-top-section elementor-element elementor-element-d743a59 elementor-section-boxed elementor-section-height-default elementor-section-height-default\" data-id=\"d743a59\" data-element_type=\"section\" data-e-type=\"section\" data-settings=\"{&quot;jet_parallax_layout_list&quot;:[{&quot;jet_parallax_layout_image&quot;:{&quot;url&quot;:&quot;&quot;,&quot;id&quot;:&quot;&quot;,&quot;size&quot;:&quot;&quot;},&quot;_id&quot;:&quot;69eefbf&quot;,&quot;jet_parallax_layout_image_tablet&quot;:{&quot;url&quot;:&quot;&quot;,&quot;id&quot;:&quot;&quot;,&quot;size&quot;:&quot;&quot;},&quot;jet_parallax_layout_image_mobile&quot;:{&quot;url&quot;:&quot;&quot;,&quot;id&quot;:&quot;&quot;,&quot;size&quot;:&quot;&quot;},&quot;jet_parallax_layout_speed&quot;:{&quot;unit&quot;:&quot;%&quot;,&quot;size&quot;:50,&quot;sizes&quot;:[]},&quot;jet_parallax_layout_type&quot;:&quot;scroll&quot;,&quot;jet_parallax_layout_direction&quot;:&quot;1&quot;,&quot;jet_parallax_layout_fx_direction&quot;:null,&quot;jet_parallax_layout_z_index&quot;:&quot;&quot;,&quot;jet_parallax_layout_bg_x&quot;:50,&quot;jet_parallax_layout_bg_x_tablet&quot;:&quot;&quot;,&quot;jet_parallax_layout_bg_x_mobile&quot;:&quot;&quot;,&quot;jet_parallax_layout_bg_y&quot;:50,&quot;jet_parallax_layout_bg_y_tablet&quot;:&quot;&quot;,&quot;jet_parallax_layout_bg_y_mobile&quot;:&quot;&quot;,&quot;jet_parallax_layout_bg_size&quot;:&quot;auto&quot;,&quot;jet_parallax_layout_bg_size_tablet&quot;:&quot;&quot;,&quot;jet_parallax_layout_bg_size_mobile&quot;:&quot;&quot;,&quot;jet_parallax_layout_animation_prop&quot;:&quot;transform&quot;,&quot;jet_parallax_layout_on&quot;:[&quot;desktop&quot;,&quot;tablet&quot;]}]}\">\n\t\t\t\t\t\t<div class=\"elementor-container elementor-column-gap-default\">\n\t\t\t\t\t<div class=\"elementor-column elementor-col-100 elementor-top-column elementor-element elementor-element-7db885d\" data-id=\"7db885d\" data-element_type=\"column\" data-e-type=\"column\" data-settings=\"{&quot;background_background&quot;:&quot;classic&quot;}\">\n\t\t\t<div class=\"elementor-widget-wrap elementor-element-populated\">\n\t\t\t\t\t\t<div class=\"elementor-element elementor-element-d53e891 elementor-widget elementor-widget-heading\" data-id=\"d53e891\" data-element_type=\"widget\" data-e-type=\"widget\" data-widget_type=\"heading.default\">\n\t\t\t\t<div class=\"elementor-widget-container\">\n\t\t\t\t\t<h2 class=\"elementor-heading-title elementor-size-default\">\nThe Right Response\u2026 Instantly\n<\/h2>\t\t\t\t<\/div>\n\t\t\t\t<\/div>\n\t\t\t\t<div class=\"elementor-element elementor-element-df6025b elementor-widget elementor-widget-text-editor\" data-id=\"df6025b\" data-element_type=\"widget\" data-e-type=\"widget\" data-widget_type=\"text-editor.default\">\n\t\t\t\t<div class=\"elementor-widget-container\">\n\t\t\t\t\t\t\t\t\t<p>Have you found a rental on our site that looks promising? Great news! Send us an Inquiry with travel dates and you will receive a quick quote from our system or from an agent.<\/p>\n<p>And our great communications don\u2019t stop there. For example, our pre-stay email provides our guests with personalized information to help plan their trip and insure a great holiday. And we have the people and processes in place to make your Check-In and Check-Out fast, easy and stress free.<\/p>\n<p><strong> Thank YOU for coming!<\/strong><\/p>\t\t\t\t\t\t\t\t<\/div>\n\t\t\t\t<\/div>\n\t\t\t\t\t<\/div>\n\t\t<\/div>\n\t\t\t\t\t<\/div>\n\t\t<\/section>\n\t\t\t\t<\/div>\n\t\t","protected":false},"excerpt":{"rendered":"<p>Information for Our Owner Welcome to Tahiti Homes \u2013 Vacation Rentals &amp; Realty! We have built our reputation on providing quality short-term rentals with superior customer services, so congratulations \u2013 you have just taken the first step to a terrific stay with us! We specialize in renting the right home to the right guest and&#8230;<\/p>\n","protected":false},"author":1,"featured_media":0,"parent":0,"menu_order":0,"comment_status":"closed","ping_status":"closed","template":"elementor_header_footer","meta":{"footnotes":""},"class_list":["post-4536","page","type-page","status-publish","hentry"],"yoast_head":"<!-- This site is optimized with the Yoast SEO plugin v27.5 - https:\/\/yoast.com\/product\/yoast-seo-wordpress\/ -->\n<title>Guest information &#8211; Tahiti Homes | Agence Immobili\u00e8re - Real Estate agency<\/title>\n<meta name=\"description\" content=\"Tahiti Homes est l&#039;agence de r\u00e9f\u00e9rence en location saisonni\u00e8re en Polyn\u00e9sie. Une s\u00e9lection de Villas, appartements et un service haut de gamme sur mesure.\" \/>\n<meta name=\"robots\" content=\"index, follow, max-snippet:-1, max-image-preview:large, max-video-preview:-1\" \/>\n<link rel=\"canonical\" href=\"https:\/\/tahiti-homes.com\/en\/owner-information\/\" \/>\n<meta property=\"og:locale\" content=\"en_US\" \/>\n<meta property=\"og:type\" content=\"article\" \/>\n<meta property=\"og:title\" content=\"Guest information &#8211; Tahiti Homes | Agence Immobili\u00e8re - Real Estate agency\" \/>\n<meta property=\"og:description\" content=\"Tahiti Homes est l&#039;agence de r\u00e9f\u00e9rence en location saisonni\u00e8re en Polyn\u00e9sie. Une s\u00e9lection de Villas, appartements et un service haut de gamme sur mesure.\" \/>\n<meta property=\"og:url\" content=\"https:\/\/tahiti-homes.com\/en\/owner-information\/\" \/>\n<meta property=\"og:site_name\" content=\"Tahiti Homes | Agence Immobili\u00e8re - Real Estate agency\" \/>\n<meta property=\"article:publisher\" content=\"https:\/\/www.facebook.com\/Tahiti.Homes.vacation.rentals\/\" \/>\n<meta property=\"article:modified_time\" content=\"2021-05-14T08:29:59+00:00\" \/>\n<meta property=\"og:image\" content=\"http:\/\/oeng2665.odns.fr\/tahiti-homes.com\/wp-content\/uploads\/2021\/05\/20170609_113630.jpeg\" \/>\n<meta name=\"twitter:card\" content=\"summary_large_image\" \/>\n<meta name=\"twitter:label1\" content=\"Est. reading time\" \/>\n\t<meta name=\"twitter:data1\" content=\"2 minutes\" \/>\n<script type=\"application\/ld+json\" class=\"yoast-schema-graph\">{\"@context\":\"https:\\\/\\\/schema.org\",\"@graph\":[{\"@type\":\"WebPage\",\"@id\":\"https:\\\/\\\/tahiti-homes.com\\\/en\\\/owner-information\\\/\",\"url\":\"https:\\\/\\\/tahiti-homes.com\\\/en\\\/owner-information\\\/\",\"name\":\"Guest information &#8211; Tahiti Homes | Agence Immobili\u00e8re - Real Estate agency\",\"isPartOf\":{\"@id\":\"https:\\\/\\\/tahiti-homes.com\\\/en\\\/#website\"},\"primaryImageOfPage\":{\"@id\":\"https:\\\/\\\/tahiti-homes.com\\\/en\\\/owner-information\\\/#primaryimage\"},\"image\":{\"@id\":\"https:\\\/\\\/tahiti-homes.com\\\/en\\\/owner-information\\\/#primaryimage\"},\"thumbnailUrl\":\"http:\\\/\\\/oeng2665.odns.fr\\\/tahiti-homes.com\\\/wp-content\\\/uploads\\\/2021\\\/05\\\/20170609_113630.jpeg\",\"datePublished\":\"2021-05-10T08:58:11+00:00\",\"dateModified\":\"2021-05-14T08:29:59+00:00\",\"description\":\"Tahiti Homes est l&#039;agence de r\u00e9f\u00e9rence en location saisonni\u00e8re en Polyn\u00e9sie. Une s\u00e9lection de Villas, appartements et un service haut de gamme sur mesure.\",\"breadcrumb\":{\"@id\":\"https:\\\/\\\/tahiti-homes.com\\\/en\\\/owner-information\\\/#breadcrumb\"},\"inLanguage\":\"en-US\",\"potentialAction\":[{\"@type\":\"ReadAction\",\"target\":[\"https:\\\/\\\/tahiti-homes.com\\\/en\\\/owner-information\\\/\"]}]},{\"@type\":\"ImageObject\",\"inLanguage\":\"en-US\",\"@id\":\"https:\\\/\\\/tahiti-homes.com\\\/en\\\/owner-information\\\/#primaryimage\",\"url\":\"http:\\\/\\\/oeng2665.odns.fr\\\/tahiti-homes.com\\\/wp-content\\\/uploads\\\/2021\\\/05\\\/20170609_113630.jpeg\",\"contentUrl\":\"http:\\\/\\\/oeng2665.odns.fr\\\/tahiti-homes.com\\\/wp-content\\\/uploads\\\/2021\\\/05\\\/20170609_113630.jpeg\"},{\"@type\":\"BreadcrumbList\",\"@id\":\"https:\\\/\\\/tahiti-homes.com\\\/en\\\/owner-information\\\/#breadcrumb\",\"itemListElement\":[{\"@type\":\"ListItem\",\"position\":1,\"name\":\"Home\",\"item\":\"https:\\\/\\\/tahiti-homes.com\\\/en\\\/\"},{\"@type\":\"ListItem\",\"position\":2,\"name\":\"Guest information\"}]},{\"@type\":\"WebSite\",\"@id\":\"https:\\\/\\\/tahiti-homes.com\\\/en\\\/#website\",\"url\":\"https:\\\/\\\/tahiti-homes.com\\\/en\\\/\",\"name\":\"Tahiti Homes | Agence Immobili\u00e8re - Real Estate agency\",\"description\":\"Location saisonni\u00e8re, Achat, Vente, Location | Vacation rentals, Properties for sale &amp; for rent\",\"publisher\":{\"@id\":\"https:\\\/\\\/tahiti-homes.com\\\/en\\\/#organization\"},\"potentialAction\":[{\"@type\":\"SearchAction\",\"target\":{\"@type\":\"EntryPoint\",\"urlTemplate\":\"https:\\\/\\\/tahiti-homes.com\\\/en\\\/?s={search_term_string}\"},\"query-input\":{\"@type\":\"PropertyValueSpecification\",\"valueRequired\":true,\"valueName\":\"search_term_string\"}}],\"inLanguage\":\"en-US\"},{\"@type\":\"Organization\",\"@id\":\"https:\\\/\\\/tahiti-homes.com\\\/en\\\/#organization\",\"name\":\"Tahiti Homes | Agence immobili\u00e8re\",\"url\":\"https:\\\/\\\/tahiti-homes.com\\\/en\\\/\",\"logo\":{\"@type\":\"ImageObject\",\"inLanguage\":\"en-US\",\"@id\":\"https:\\\/\\\/tahiti-homes.com\\\/en\\\/#\\\/schema\\\/logo\\\/image\\\/\",\"url\":\"https:\\\/\\\/tahiti-homes.com\\\/wp-content\\\/uploads\\\/2021\\\/03\\\/logo.png\",\"contentUrl\":\"https:\\\/\\\/tahiti-homes.com\\\/wp-content\\\/uploads\\\/2021\\\/03\\\/logo.png\",\"width\":279,\"height\":108,\"caption\":\"Tahiti Homes | Agence immobili\u00e8re\"},\"image\":{\"@id\":\"https:\\\/\\\/tahiti-homes.com\\\/en\\\/#\\\/schema\\\/logo\\\/image\\\/\"},\"sameAs\":[\"https:\\\/\\\/www.facebook.com\\\/Tahiti.Homes.vacation.rentals\\\/\",\"https:\\\/\\\/www.instagram.com\\\/tahiti_homes\\\/\",\"https:\\\/\\\/www.linkedin.com\\\/company\\\/tahiti-homes---vacation-rentals-&amp;-realty\",\"https:\\\/\\\/www.youtube.com\\\/TahitiHomes\"]}]}<\/script>\n<!-- \/ Yoast SEO plugin. -->","yoast_head_json":{"title":"Guest information &#8211; Tahiti Homes | Agence Immobili\u00e8re - Real Estate agency","description":"Tahiti Homes est l&#039;agence de r\u00e9f\u00e9rence en location saisonni\u00e8re en Polyn\u00e9sie. Une s\u00e9lection de Villas, appartements et un service haut de gamme sur mesure.","robots":{"index":"index","follow":"follow","max-snippet":"max-snippet:-1","max-image-preview":"max-image-preview:large","max-video-preview":"max-video-preview:-1"},"canonical":"https:\/\/tahiti-homes.com\/en\/owner-information\/","og_locale":"en_US","og_type":"article","og_title":"Guest information &#8211; Tahiti Homes | Agence Immobili\u00e8re - Real Estate agency","og_description":"Tahiti Homes est l&#039;agence de r\u00e9f\u00e9rence en location saisonni\u00e8re en Polyn\u00e9sie. Une s\u00e9lection de Villas, appartements et un service haut de gamme sur mesure.","og_url":"https:\/\/tahiti-homes.com\/en\/owner-information\/","og_site_name":"Tahiti Homes | Agence Immobili\u00e8re - Real Estate agency","article_publisher":"https:\/\/www.facebook.com\/Tahiti.Homes.vacation.rentals\/","article_modified_time":"2021-05-14T08:29:59+00:00","og_image":[{"url":"http:\/\/oeng2665.odns.fr\/tahiti-homes.com\/wp-content\/uploads\/2021\/05\/20170609_113630.jpeg","type":"","width":"","height":""}],"twitter_card":"summary_large_image","twitter_misc":{"Est. reading time":"2 minutes"},"schema":{"@context":"https:\/\/schema.org","@graph":[{"@type":"WebPage","@id":"https:\/\/tahiti-homes.com\/en\/owner-information\/","url":"https:\/\/tahiti-homes.com\/en\/owner-information\/","name":"Guest information &#8211; Tahiti Homes | Agence Immobili\u00e8re - Real Estate agency","isPartOf":{"@id":"https:\/\/tahiti-homes.com\/en\/#website"},"primaryImageOfPage":{"@id":"https:\/\/tahiti-homes.com\/en\/owner-information\/#primaryimage"},"image":{"@id":"https:\/\/tahiti-homes.com\/en\/owner-information\/#primaryimage"},"thumbnailUrl":"http:\/\/oeng2665.odns.fr\/tahiti-homes.com\/wp-content\/uploads\/2021\/05\/20170609_113630.jpeg","datePublished":"2021-05-10T08:58:11+00:00","dateModified":"2021-05-14T08:29:59+00:00","description":"Tahiti Homes est l&#039;agence de r\u00e9f\u00e9rence en location saisonni\u00e8re en Polyn\u00e9sie. Une s\u00e9lection de Villas, appartements et un service haut de gamme sur mesure.","breadcrumb":{"@id":"https:\/\/tahiti-homes.com\/en\/owner-information\/#breadcrumb"},"inLanguage":"en-US","potentialAction":[{"@type":"ReadAction","target":["https:\/\/tahiti-homes.com\/en\/owner-information\/"]}]},{"@type":"ImageObject","inLanguage":"en-US","@id":"https:\/\/tahiti-homes.com\/en\/owner-information\/#primaryimage","url":"http:\/\/oeng2665.odns.fr\/tahiti-homes.com\/wp-content\/uploads\/2021\/05\/20170609_113630.jpeg","contentUrl":"http:\/\/oeng2665.odns.fr\/tahiti-homes.com\/wp-content\/uploads\/2021\/05\/20170609_113630.jpeg"},{"@type":"BreadcrumbList","@id":"https:\/\/tahiti-homes.com\/en\/owner-information\/#breadcrumb","itemListElement":[{"@type":"ListItem","position":1,"name":"Home","item":"https:\/\/tahiti-homes.com\/en\/"},{"@type":"ListItem","position":2,"name":"Guest information"}]},{"@type":"WebSite","@id":"https:\/\/tahiti-homes.com\/en\/#website","url":"https:\/\/tahiti-homes.com\/en\/","name":"Tahiti Homes | Agence Immobili\u00e8re - Real Estate agency","description":"Location saisonni\u00e8re, Achat, Vente, Location | Vacation rentals, Properties for sale &amp; for rent","publisher":{"@id":"https:\/\/tahiti-homes.com\/en\/#organization"},"potentialAction":[{"@type":"SearchAction","target":{"@type":"EntryPoint","urlTemplate":"https:\/\/tahiti-homes.com\/en\/?s={search_term_string}"},"query-input":{"@type":"PropertyValueSpecification","valueRequired":true,"valueName":"search_term_string"}}],"inLanguage":"en-US"},{"@type":"Organization","@id":"https:\/\/tahiti-homes.com\/en\/#organization","name":"Tahiti Homes | Agence immobili\u00e8re","url":"https:\/\/tahiti-homes.com\/en\/","logo":{"@type":"ImageObject","inLanguage":"en-US","@id":"https:\/\/tahiti-homes.com\/en\/#\/schema\/logo\/image\/","url":"https:\/\/tahiti-homes.com\/wp-content\/uploads\/2021\/03\/logo.png","contentUrl":"https:\/\/tahiti-homes.com\/wp-content\/uploads\/2021\/03\/logo.png","width":279,"height":108,"caption":"Tahiti Homes | Agence immobili\u00e8re"},"image":{"@id":"https:\/\/tahiti-homes.com\/en\/#\/schema\/logo\/image\/"},"sameAs":["https:\/\/www.facebook.com\/Tahiti.Homes.vacation.rentals\/","https:\/\/www.instagram.com\/tahiti_homes\/","https:\/\/www.linkedin.com\/company\/tahiti-homes---vacation-rentals-&amp;-realty","https:\/\/www.youtube.com\/TahitiHomes"]}]}},"_links":{"self":[{"href":"https:\/\/tahiti-homes.com\/en\/wp-json\/wp\/v2\/pages\/4536","targetHints":{"allow":["GET"]}}],"collection":[{"href":"https:\/\/tahiti-homes.com\/en\/wp-json\/wp\/v2\/pages"}],"about":[{"href":"https:\/\/tahiti-homes.com\/en\/wp-json\/wp\/v2\/types\/page"}],"author":[{"embeddable":true,"href":"https:\/\/tahiti-homes.com\/en\/wp-json\/wp\/v2\/users\/1"}],"replies":[{"embeddable":true,"href":"https:\/\/tahiti-homes.com\/en\/wp-json\/wp\/v2\/comments?post=4536"}],"version-history":[{"count":5,"href":"https:\/\/tahiti-homes.com\/en\/wp-json\/wp\/v2\/pages\/4536\/revisions"}],"predecessor-version":[{"id":5233,"href":"https:\/\/tahiti-homes.com\/en\/wp-json\/wp\/v2\/pages\/4536\/revisions\/5233"}],"wp:attachment":[{"href":"https:\/\/tahiti-homes.com\/en\/wp-json\/wp\/v2\/media?parent=4536"}],"curies":[{"name":"wp","href":"https:\/\/api.w.org\/{rel}","templated":true}]}}