{"id":4539,"date":"2021-05-09T23:00:13","date_gmt":"2021-05-10T09:00:13","guid":{"rendered":"https:\/\/oeng2665.odns.fr\/tahiti-homes.com?page_id=4539"},"modified":"2021-05-13T23:17:24","modified_gmt":"2021-05-14T09:17:24","slug":"real-estate-agent-license","status":"publish","type":"page","link":"https:\/\/tahiti-homes.com\/en\/real-estate-agent-license\/","title":{"rendered":"Real estate agent license"},"content":{"rendered":"\t\t<div data-elementor-type=\"wp-page\" data-elementor-id=\"4539\" class=\"elementor elementor-4539\">\n\t\t\t\t\t\t<section class=\"elementor-section elementor-top-section elementor-element elementor-element-44600bb5 elementor-section-boxed elementor-section-height-default elementor-section-height-default\" data-id=\"44600bb5\" data-element_type=\"section\" data-e-type=\"section\" data-settings=\"{&quot;jet_parallax_layout_list&quot;:[{&quot;jet_parallax_layout_image&quot;:{&quot;url&quot;:&quot;&quot;,&quot;id&quot;:&quot;&quot;,&quot;size&quot;:&quot;&quot;},&quot;_id&quot;:&quot;c5ccd50&quot;,&quot;jet_parallax_layout_image_tablet&quot;:{&quot;url&quot;:&quot;&quot;,&quot;id&quot;:&quot;&quot;,&quot;size&quot;:&quot;&quot;},&quot;jet_parallax_layout_image_mobile&quot;:{&quot;url&quot;:&quot;&quot;,&quot;id&quot;:&quot;&quot;,&quot;size&quot;:&quot;&quot;},&quot;jet_parallax_layout_speed&quot;:{&quot;unit&quot;:&quot;%&quot;,&quot;size&quot;:50,&quot;sizes&quot;:[]},&quot;jet_parallax_layout_type&quot;:&quot;scroll&quot;,&quot;jet_parallax_layout_direction&quot;:&quot;1&quot;,&quot;jet_parallax_layout_fx_direction&quot;:null,&quot;jet_parallax_layout_z_index&quot;:&quot;&quot;,&quot;jet_parallax_layout_bg_x&quot;:50,&quot;jet_parallax_layout_bg_x_tablet&quot;:&quot;&quot;,&quot;jet_parallax_layout_bg_x_mobile&quot;:&quot;&quot;,&quot;jet_parallax_layout_bg_y&quot;:50,&quot;jet_parallax_layout_bg_y_tablet&quot;:&quot;&quot;,&quot;jet_parallax_layout_bg_y_mobile&quot;:&quot;&quot;,&quot;jet_parallax_layout_bg_size&quot;:&quot;auto&quot;,&quot;jet_parallax_layout_bg_size_tablet&quot;:&quot;&quot;,&quot;jet_parallax_layout_bg_size_mobile&quot;:&quot;&quot;,&quot;jet_parallax_layout_animation_prop&quot;:&quot;transform&quot;,&quot;jet_parallax_layout_on&quot;:[&quot;desktop&quot;,&quot;tablet&quot;]}]}\">\n\t\t\t\t\t\t<div class=\"elementor-container elementor-column-gap-default\">\n\t\t\t\t\t<div class=\"elementor-column elementor-col-100 elementor-top-column elementor-element elementor-element-58d78e74\" data-id=\"58d78e74\" data-element_type=\"column\" data-e-type=\"column\">\n\t\t\t<div class=\"elementor-widget-wrap\">\n\t\t\t\t\t\t\t<\/div>\n\t\t<\/div>\n\t\t\t\t\t<\/div>\n\t\t<\/section>\n\t\t\t\t<section class=\"elementor-section elementor-top-section elementor-element elementor-element-54a1e2bb elementor-section-boxed elementor-section-height-default elementor-section-height-default\" data-id=\"54a1e2bb\" data-element_type=\"section\" data-e-type=\"section\" data-settings=\"{&quot;jet_parallax_layout_list&quot;:[{&quot;jet_parallax_layout_image&quot;:{&quot;url&quot;:&quot;&quot;,&quot;id&quot;:&quot;&quot;,&quot;size&quot;:&quot;&quot;},&quot;_id&quot;:&quot;09e5900&quot;,&quot;jet_parallax_layout_image_tablet&quot;:{&quot;url&quot;:&quot;&quot;,&quot;id&quot;:&quot;&quot;,&quot;size&quot;:&quot;&quot;},&quot;jet_parallax_layout_image_mobile&quot;:{&quot;url&quot;:&quot;&quot;,&quot;id&quot;:&quot;&quot;,&quot;size&quot;:&quot;&quot;},&quot;jet_parallax_layout_speed&quot;:{&quot;unit&quot;:&quot;%&quot;,&quot;size&quot;:50,&quot;sizes&quot;:[]},&quot;jet_parallax_layout_type&quot;:&quot;scroll&quot;,&quot;jet_parallax_layout_direction&quot;:&quot;1&quot;,&quot;jet_parallax_layout_fx_direction&quot;:null,&quot;jet_parallax_layout_z_index&quot;:&quot;&quot;,&quot;jet_parallax_layout_bg_x&quot;:50,&quot;jet_parallax_layout_bg_x_tablet&quot;:&quot;&quot;,&quot;jet_parallax_layout_bg_x_mobile&quot;:&quot;&quot;,&quot;jet_parallax_layout_bg_y&quot;:50,&quot;jet_parallax_layout_bg_y_tablet&quot;:&quot;&quot;,&quot;jet_parallax_layout_bg_y_mobile&quot;:&quot;&quot;,&quot;jet_parallax_layout_bg_size&quot;:&quot;auto&quot;,&quot;jet_parallax_layout_bg_size_tablet&quot;:&quot;&quot;,&quot;jet_parallax_layout_bg_size_mobile&quot;:&quot;&quot;,&quot;jet_parallax_layout_animation_prop&quot;:&quot;transform&quot;,&quot;jet_parallax_layout_on&quot;:[&quot;desktop&quot;,&quot;tablet&quot;]}],&quot;background_background&quot;:&quot;classic&quot;}\">\n\t\t\t\t\t\t<div class=\"elementor-container elementor-column-gap-default\">\n\t\t\t\t\t<div class=\"elementor-column elementor-col-50 elementor-top-column elementor-element elementor-element-78dcc1fa\" data-id=\"78dcc1fa\" data-element_type=\"column\" data-e-type=\"column\">\n\t\t\t<div class=\"elementor-widget-wrap\">\n\t\t\t\t\t\t\t<\/div>\n\t\t<\/div>\n\t\t\t\t<div class=\"elementor-column elementor-col-50 elementor-top-column elementor-element elementor-element-3084d6d5\" data-id=\"3084d6d5\" data-element_type=\"column\" data-e-type=\"column\" data-settings=\"{&quot;background_background&quot;:&quot;classic&quot;}\">\n\t\t\t<div class=\"elementor-widget-wrap elementor-element-populated\">\n\t\t\t\t\t\t<div class=\"elementor-element elementor-element-3fd0c0de elementor-widget elementor-widget-heading\" data-id=\"3fd0c0de\" data-element_type=\"widget\" data-e-type=\"widget\" data-widget_type=\"heading.default\">\n\t\t\t\t<div class=\"elementor-widget-container\">\n\t\t\t\t\t<h1 class=\"elementor-heading-title elementor-size-default\">Real estate agent license<\/h1>\t\t\t\t<\/div>\n\t\t\t\t<\/div>\n\t\t\t\t\t<\/div>\n\t\t<\/div>\n\t\t\t\t\t<\/div>\n\t\t<\/section>\n\t\t\t\t<section class=\"elementor-section elementor-top-section elementor-element elementor-element-76ae1168 elementor-section-boxed elementor-section-height-default elementor-section-height-default\" data-id=\"76ae1168\" data-element_type=\"section\" data-e-type=\"section\" data-settings=\"{&quot;jet_parallax_layout_list&quot;:[{&quot;jet_parallax_layout_image&quot;:{&quot;url&quot;:&quot;&quot;,&quot;id&quot;:&quot;&quot;,&quot;size&quot;:&quot;&quot;},&quot;_id&quot;:&quot;69eefbf&quot;,&quot;jet_parallax_layout_image_tablet&quot;:{&quot;url&quot;:&quot;&quot;,&quot;id&quot;:&quot;&quot;,&quot;size&quot;:&quot;&quot;},&quot;jet_parallax_layout_image_mobile&quot;:{&quot;url&quot;:&quot;&quot;,&quot;id&quot;:&quot;&quot;,&quot;size&quot;:&quot;&quot;},&quot;jet_parallax_layout_speed&quot;:{&quot;unit&quot;:&quot;%&quot;,&quot;size&quot;:50,&quot;sizes&quot;:[]},&quot;jet_parallax_layout_type&quot;:&quot;scroll&quot;,&quot;jet_parallax_layout_direction&quot;:&quot;1&quot;,&quot;jet_parallax_layout_fx_direction&quot;:null,&quot;jet_parallax_layout_z_index&quot;:&quot;&quot;,&quot;jet_parallax_layout_bg_x&quot;:50,&quot;jet_parallax_layout_bg_x_tablet&quot;:&quot;&quot;,&quot;jet_parallax_layout_bg_x_mobile&quot;:&quot;&quot;,&quot;jet_parallax_layout_bg_y&quot;:50,&quot;jet_parallax_layout_bg_y_tablet&quot;:&quot;&quot;,&quot;jet_parallax_layout_bg_y_mobile&quot;:&quot;&quot;,&quot;jet_parallax_layout_bg_size&quot;:&quot;auto&quot;,&quot;jet_parallax_layout_bg_size_tablet&quot;:&quot;&quot;,&quot;jet_parallax_layout_bg_size_mobile&quot;:&quot;&quot;,&quot;jet_parallax_layout_animation_prop&quot;:&quot;transform&quot;,&quot;jet_parallax_layout_on&quot;:[&quot;desktop&quot;,&quot;tablet&quot;]}]}\">\n\t\t\t\t\t\t<div class=\"elementor-container elementor-column-gap-default\">\n\t\t\t\t\t<div class=\"elementor-column elementor-col-100 elementor-top-column elementor-element elementor-element-1a60a5f7\" data-id=\"1a60a5f7\" data-element_type=\"column\" data-e-type=\"column\" data-settings=\"{&quot;background_background&quot;:&quot;classic&quot;}\">\n\t\t\t<div class=\"elementor-widget-wrap elementor-element-populated\">\n\t\t\t\t\t\t<div class=\"elementor-element elementor-element-2190e446 elementor-widget elementor-widget-heading\" data-id=\"2190e446\" data-element_type=\"widget\" data-e-type=\"widget\" data-widget_type=\"heading.default\">\n\t\t\t\t<div class=\"elementor-widget-container\">\n\t\t\t\t\t<h2 class=\"elementor-heading-title elementor-size-default\">Real estate agent license<\/h2>\t\t\t\t<\/div>\n\t\t\t\t<\/div>\n\t\t\t\t\t<\/div>\n\t\t<\/div>\n\t\t\t\t\t<\/div>\n\t\t<\/section>\n\t\t\t\t<section class=\"elementor-section elementor-top-section elementor-element elementor-element-3461e02 elementor-section-boxed elementor-section-height-default elementor-section-height-default\" data-id=\"3461e02\" data-element_type=\"section\" data-e-type=\"section\" data-settings=\"{&quot;jet_parallax_layout_list&quot;:[{&quot;jet_parallax_layout_image&quot;:{&quot;url&quot;:&quot;&quot;,&quot;id&quot;:&quot;&quot;,&quot;size&quot;:&quot;&quot;},&quot;_id&quot;:&quot;7c9d1bf&quot;,&quot;jet_parallax_layout_image_tablet&quot;:{&quot;url&quot;:&quot;&quot;,&quot;id&quot;:&quot;&quot;,&quot;size&quot;:&quot;&quot;},&quot;jet_parallax_layout_image_mobile&quot;:{&quot;url&quot;:&quot;&quot;,&quot;id&quot;:&quot;&quot;,&quot;size&quot;:&quot;&quot;},&quot;jet_parallax_layout_speed&quot;:{&quot;unit&quot;:&quot;%&quot;,&quot;size&quot;:50,&quot;sizes&quot;:[]},&quot;jet_parallax_layout_type&quot;:&quot;scroll&quot;,&quot;jet_parallax_layout_direction&quot;:&quot;1&quot;,&quot;jet_parallax_layout_fx_direction&quot;:null,&quot;jet_parallax_layout_z_index&quot;:&quot;&quot;,&quot;jet_parallax_layout_bg_x&quot;:50,&quot;jet_parallax_layout_bg_x_tablet&quot;:&quot;&quot;,&quot;jet_parallax_layout_bg_x_mobile&quot;:&quot;&quot;,&quot;jet_parallax_layout_bg_y&quot;:50,&quot;jet_parallax_layout_bg_y_tablet&quot;:&quot;&quot;,&quot;jet_parallax_layout_bg_y_mobile&quot;:&quot;&quot;,&quot;jet_parallax_layout_bg_size&quot;:&quot;auto&quot;,&quot;jet_parallax_layout_bg_size_tablet&quot;:&quot;&quot;,&quot;jet_parallax_layout_bg_size_mobile&quot;:&quot;&quot;,&quot;jet_parallax_layout_animation_prop&quot;:&quot;transform&quot;,&quot;jet_parallax_layout_on&quot;:[&quot;desktop&quot;,&quot;tablet&quot;]}]}\">\n\t\t\t\t\t\t<div class=\"elementor-container elementor-column-gap-default\">\n\t\t\t\t\t<div class=\"elementor-column elementor-col-100 elementor-top-column elementor-element elementor-element-2eb7267\" data-id=\"2eb7267\" data-element_type=\"column\" data-e-type=\"column\">\n\t\t\t<div class=\"elementor-widget-wrap elementor-element-populated\">\n\t\t\t\t\t\t<div class=\"elementor-element elementor-element-af25682 elementor-widget elementor-widget-image\" data-id=\"af25682\" data-element_type=\"widget\" data-e-type=\"widget\" data-widget_type=\"image.default\">\n\t\t\t\t<div class=\"elementor-widget-container\">\n\t\t\t\t\t\t\t\t\t\t\t\t\t\t\t<img fetchpriority=\"high\" decoding=\"async\" width=\"738\" height=\"1016\" src=\"https:\/\/tahiti-homes.com\/wp-content\/uploads\/2021\/05\/Carte_agent_immobilier.jpg\" class=\"attachment-large size-large wp-image-4540\" alt=\"\" srcset=\"https:\/\/tahiti-homes.com\/wp-content\/uploads\/2021\/05\/Carte_agent_immobilier.jpg 744w, https:\/\/tahiti-homes.com\/wp-content\/uploads\/2021\/05\/Carte_agent_immobilier-218x300.jpg 218w, https:\/\/tahiti-homes.com\/wp-content\/uploads\/2021\/05\/Carte_agent_immobilier-109x150.jpg 109w\" sizes=\"(max-width: 738px) 100vw, 738px\" \/>\t\t\t\t\t\t\t\t\t\t\t\t\t\t\t<\/div>\n\t\t\t\t<\/div>\n\t\t\t\t\t<\/div>\n\t\t<\/div>\n\t\t\t\t\t<\/div>\n\t\t<\/section>\n\t\t\t\t<\/div>\n\t\t","protected":false},"excerpt":{"rendered":"<p>Real estate agent license Real estate agent license<\/p>\n","protected":false},"author":1,"featured_media":0,"parent":0,"menu_order":0,"comment_status":"closed","ping_status":"closed","template":"elementor_header_footer","meta":{"footnotes":""},"class_list":["post-4539","page","type-page","status-publish","hentry"],"yoast_head":"<!-- This site is optimized with the Yoast SEO plugin v27.5 - https:\/\/yoast.com\/product\/yoast-seo-wordpress\/ -->\n<title>Real estate agent license &#8211; Tahiti Homes | Agence Immobili\u00e8re - Real Estate agency<\/title>\n<meta name=\"description\" content=\"Tahiti Homes est l&#039;agence de r\u00e9f\u00e9rence en location saisonni\u00e8re en Polyn\u00e9sie. Une s\u00e9lection de Villas, appartements et un service haut de gamme sur mesure.\" \/>\n<meta name=\"robots\" content=\"index, follow, max-snippet:-1, max-image-preview:large, max-video-preview:-1\" \/>\n<link rel=\"canonical\" href=\"https:\/\/tahiti-homes.com\/en\/real-estate-agent-license\/\" \/>\n<meta property=\"og:locale\" content=\"en_US\" \/>\n<meta property=\"og:type\" content=\"article\" \/>\n<meta property=\"og:title\" content=\"Real estate agent license &#8211; Tahiti Homes | Agence Immobili\u00e8re - Real Estate agency\" \/>\n<meta property=\"og:description\" content=\"Tahiti Homes est l&#039;agence de r\u00e9f\u00e9rence en location saisonni\u00e8re en Polyn\u00e9sie. Une s\u00e9lection de Villas, appartements et un service haut de gamme sur mesure.\" \/>\n<meta property=\"og:url\" content=\"https:\/\/tahiti-homes.com\/en\/real-estate-agent-license\/\" \/>\n<meta property=\"og:site_name\" content=\"Tahiti Homes | Agence Immobili\u00e8re - Real Estate agency\" \/>\n<meta property=\"article:publisher\" content=\"https:\/\/www.facebook.com\/Tahiti.Homes.vacation.rentals\/\" \/>\n<meta property=\"article:modified_time\" content=\"2021-05-14T09:17:24+00:00\" \/>\n<meta property=\"og:image\" content=\"http:\/\/oeng2665.odns.fr\/tahiti-homes.com\/wp-content\/uploads\/2021\/05\/Carte_agent_immobilier.jpg\" \/>\n<meta name=\"twitter:card\" content=\"summary_large_image\" \/>\n<meta name=\"twitter:label1\" content=\"Est. reading time\" \/>\n\t<meta name=\"twitter:data1\" content=\"1 minute\" \/>\n<script type=\"application\/ld+json\" class=\"yoast-schema-graph\">{\"@context\":\"https:\\\/\\\/schema.org\",\"@graph\":[{\"@type\":\"WebPage\",\"@id\":\"https:\\\/\\\/tahiti-homes.com\\\/en\\\/real-estate-agent-license\\\/\",\"url\":\"https:\\\/\\\/tahiti-homes.com\\\/en\\\/real-estate-agent-license\\\/\",\"name\":\"Real estate agent license &#8211; Tahiti Homes | Agence Immobili\u00e8re - Real Estate agency\",\"isPartOf\":{\"@id\":\"https:\\\/\\\/tahiti-homes.com\\\/en\\\/#website\"},\"primaryImageOfPage\":{\"@id\":\"https:\\\/\\\/tahiti-homes.com\\\/en\\\/real-estate-agent-license\\\/#primaryimage\"},\"image\":{\"@id\":\"https:\\\/\\\/tahiti-homes.com\\\/en\\\/real-estate-agent-license\\\/#primaryimage\"},\"thumbnailUrl\":\"http:\\\/\\\/oeng2665.odns.fr\\\/tahiti-homes.com\\\/wp-content\\\/uploads\\\/2021\\\/05\\\/Carte_agent_immobilier.jpg\",\"datePublished\":\"2021-05-10T09:00:13+00:00\",\"dateModified\":\"2021-05-14T09:17:24+00:00\",\"description\":\"Tahiti Homes est l&#039;agence de r\u00e9f\u00e9rence en location saisonni\u00e8re en Polyn\u00e9sie. Une s\u00e9lection de Villas, appartements et un service haut de gamme sur mesure.\",\"breadcrumb\":{\"@id\":\"https:\\\/\\\/tahiti-homes.com\\\/en\\\/real-estate-agent-license\\\/#breadcrumb\"},\"inLanguage\":\"en-US\",\"potentialAction\":[{\"@type\":\"ReadAction\",\"target\":[\"https:\\\/\\\/tahiti-homes.com\\\/en\\\/real-estate-agent-license\\\/\"]}]},{\"@type\":\"ImageObject\",\"inLanguage\":\"en-US\",\"@id\":\"https:\\\/\\\/tahiti-homes.com\\\/en\\\/real-estate-agent-license\\\/#primaryimage\",\"url\":\"http:\\\/\\\/oeng2665.odns.fr\\\/tahiti-homes.com\\\/wp-content\\\/uploads\\\/2021\\\/05\\\/Carte_agent_immobilier.jpg\",\"contentUrl\":\"http:\\\/\\\/oeng2665.odns.fr\\\/tahiti-homes.com\\\/wp-content\\\/uploads\\\/2021\\\/05\\\/Carte_agent_immobilier.jpg\"},{\"@type\":\"BreadcrumbList\",\"@id\":\"https:\\\/\\\/tahiti-homes.com\\\/en\\\/real-estate-agent-license\\\/#breadcrumb\",\"itemListElement\":[{\"@type\":\"ListItem\",\"position\":1,\"name\":\"Home\",\"item\":\"https:\\\/\\\/tahiti-homes.com\\\/en\\\/\"},{\"@type\":\"ListItem\",\"position\":2,\"name\":\"Real estate agent license\"}]},{\"@type\":\"WebSite\",\"@id\":\"https:\\\/\\\/tahiti-homes.com\\\/en\\\/#website\",\"url\":\"https:\\\/\\\/tahiti-homes.com\\\/en\\\/\",\"name\":\"Tahiti Homes | Agence Immobili\u00e8re - Real Estate agency\",\"description\":\"Location saisonni\u00e8re, Achat, Vente, Location | Vacation rentals, Properties for sale &amp; for rent\",\"publisher\":{\"@id\":\"https:\\\/\\\/tahiti-homes.com\\\/en\\\/#organization\"},\"potentialAction\":[{\"@type\":\"SearchAction\",\"target\":{\"@type\":\"EntryPoint\",\"urlTemplate\":\"https:\\\/\\\/tahiti-homes.com\\\/en\\\/?s={search_term_string}\"},\"query-input\":{\"@type\":\"PropertyValueSpecification\",\"valueRequired\":true,\"valueName\":\"search_term_string\"}}],\"inLanguage\":\"en-US\"},{\"@type\":\"Organization\",\"@id\":\"https:\\\/\\\/tahiti-homes.com\\\/en\\\/#organization\",\"name\":\"Tahiti Homes | Agence immobili\u00e8re\",\"url\":\"https:\\\/\\\/tahiti-homes.com\\\/en\\\/\",\"logo\":{\"@type\":\"ImageObject\",\"inLanguage\":\"en-US\",\"@id\":\"https:\\\/\\\/tahiti-homes.com\\\/en\\\/#\\\/schema\\\/logo\\\/image\\\/\",\"url\":\"https:\\\/\\\/tahiti-homes.com\\\/wp-content\\\/uploads\\\/2021\\\/03\\\/logo.png\",\"contentUrl\":\"https:\\\/\\\/tahiti-homes.com\\\/wp-content\\\/uploads\\\/2021\\\/03\\\/logo.png\",\"width\":279,\"height\":108,\"caption\":\"Tahiti Homes | Agence immobili\u00e8re\"},\"image\":{\"@id\":\"https:\\\/\\\/tahiti-homes.com\\\/en\\\/#\\\/schema\\\/logo\\\/image\\\/\"},\"sameAs\":[\"https:\\\/\\\/www.facebook.com\\\/Tahiti.Homes.vacation.rentals\\\/\",\"https:\\\/\\\/www.instagram.com\\\/tahiti_homes\\\/\",\"https:\\\/\\\/www.linkedin.com\\\/company\\\/tahiti-homes---vacation-rentals-&amp;-realty\",\"https:\\\/\\\/www.youtube.com\\\/TahitiHomes\"]}]}<\/script>\n<!-- \/ Yoast SEO plugin. -->","yoast_head_json":{"title":"Real estate agent license &#8211; Tahiti Homes | Agence Immobili\u00e8re - Real Estate agency","description":"Tahiti Homes est l&#039;agence de r\u00e9f\u00e9rence en location saisonni\u00e8re en Polyn\u00e9sie. Une s\u00e9lection de Villas, appartements et un service haut de gamme sur mesure.","robots":{"index":"index","follow":"follow","max-snippet":"max-snippet:-1","max-image-preview":"max-image-preview:large","max-video-preview":"max-video-preview:-1"},"canonical":"https:\/\/tahiti-homes.com\/en\/real-estate-agent-license\/","og_locale":"en_US","og_type":"article","og_title":"Real estate agent license &#8211; Tahiti Homes | Agence Immobili\u00e8re - Real Estate agency","og_description":"Tahiti Homes est l&#039;agence de r\u00e9f\u00e9rence en location saisonni\u00e8re en Polyn\u00e9sie. Une s\u00e9lection de Villas, appartements et un service haut de gamme sur mesure.","og_url":"https:\/\/tahiti-homes.com\/en\/real-estate-agent-license\/","og_site_name":"Tahiti Homes | Agence Immobili\u00e8re - Real Estate agency","article_publisher":"https:\/\/www.facebook.com\/Tahiti.Homes.vacation.rentals\/","article_modified_time":"2021-05-14T09:17:24+00:00","og_image":[{"url":"http:\/\/oeng2665.odns.fr\/tahiti-homes.com\/wp-content\/uploads\/2021\/05\/Carte_agent_immobilier.jpg","type":"","width":"","height":""}],"twitter_card":"summary_large_image","twitter_misc":{"Est. reading time":"1 minute"},"schema":{"@context":"https:\/\/schema.org","@graph":[{"@type":"WebPage","@id":"https:\/\/tahiti-homes.com\/en\/real-estate-agent-license\/","url":"https:\/\/tahiti-homes.com\/en\/real-estate-agent-license\/","name":"Real estate agent license &#8211; Tahiti Homes | Agence Immobili\u00e8re - Real Estate agency","isPartOf":{"@id":"https:\/\/tahiti-homes.com\/en\/#website"},"primaryImageOfPage":{"@id":"https:\/\/tahiti-homes.com\/en\/real-estate-agent-license\/#primaryimage"},"image":{"@id":"https:\/\/tahiti-homes.com\/en\/real-estate-agent-license\/#primaryimage"},"thumbnailUrl":"http:\/\/oeng2665.odns.fr\/tahiti-homes.com\/wp-content\/uploads\/2021\/05\/Carte_agent_immobilier.jpg","datePublished":"2021-05-10T09:00:13+00:00","dateModified":"2021-05-14T09:17:24+00:00","description":"Tahiti Homes est l&#039;agence de r\u00e9f\u00e9rence en location saisonni\u00e8re en Polyn\u00e9sie. Une s\u00e9lection de Villas, appartements et un service haut de gamme sur mesure.","breadcrumb":{"@id":"https:\/\/tahiti-homes.com\/en\/real-estate-agent-license\/#breadcrumb"},"inLanguage":"en-US","potentialAction":[{"@type":"ReadAction","target":["https:\/\/tahiti-homes.com\/en\/real-estate-agent-license\/"]}]},{"@type":"ImageObject","inLanguage":"en-US","@id":"https:\/\/tahiti-homes.com\/en\/real-estate-agent-license\/#primaryimage","url":"http:\/\/oeng2665.odns.fr\/tahiti-homes.com\/wp-content\/uploads\/2021\/05\/Carte_agent_immobilier.jpg","contentUrl":"http:\/\/oeng2665.odns.fr\/tahiti-homes.com\/wp-content\/uploads\/2021\/05\/Carte_agent_immobilier.jpg"},{"@type":"BreadcrumbList","@id":"https:\/\/tahiti-homes.com\/en\/real-estate-agent-license\/#breadcrumb","itemListElement":[{"@type":"ListItem","position":1,"name":"Home","item":"https:\/\/tahiti-homes.com\/en\/"},{"@type":"ListItem","position":2,"name":"Real estate agent license"}]},{"@type":"WebSite","@id":"https:\/\/tahiti-homes.com\/en\/#website","url":"https:\/\/tahiti-homes.com\/en\/","name":"Tahiti Homes | Agence Immobili\u00e8re - Real Estate agency","description":"Location saisonni\u00e8re, Achat, Vente, Location | Vacation rentals, Properties for sale &amp; for rent","publisher":{"@id":"https:\/\/tahiti-homes.com\/en\/#organization"},"potentialAction":[{"@type":"SearchAction","target":{"@type":"EntryPoint","urlTemplate":"https:\/\/tahiti-homes.com\/en\/?s={search_term_string}"},"query-input":{"@type":"PropertyValueSpecification","valueRequired":true,"valueName":"search_term_string"}}],"inLanguage":"en-US"},{"@type":"Organization","@id":"https:\/\/tahiti-homes.com\/en\/#organization","name":"Tahiti Homes | Agence immobili\u00e8re","url":"https:\/\/tahiti-homes.com\/en\/","logo":{"@type":"ImageObject","inLanguage":"en-US","@id":"https:\/\/tahiti-homes.com\/en\/#\/schema\/logo\/image\/","url":"https:\/\/tahiti-homes.com\/wp-content\/uploads\/2021\/03\/logo.png","contentUrl":"https:\/\/tahiti-homes.com\/wp-content\/uploads\/2021\/03\/logo.png","width":279,"height":108,"caption":"Tahiti Homes | Agence immobili\u00e8re"},"image":{"@id":"https:\/\/tahiti-homes.com\/en\/#\/schema\/logo\/image\/"},"sameAs":["https:\/\/www.facebook.com\/Tahiti.Homes.vacation.rentals\/","https:\/\/www.instagram.com\/tahiti_homes\/","https:\/\/www.linkedin.com\/company\/tahiti-homes---vacation-rentals-&amp;-realty","https:\/\/www.youtube.com\/TahitiHomes"]}]}},"_links":{"self":[{"href":"https:\/\/tahiti-homes.com\/en\/wp-json\/wp\/v2\/pages\/4539","targetHints":{"allow":["GET"]}}],"collection":[{"href":"https:\/\/tahiti-homes.com\/en\/wp-json\/wp\/v2\/pages"}],"about":[{"href":"https:\/\/tahiti-homes.com\/en\/wp-json\/wp\/v2\/types\/page"}],"author":[{"embeddable":true,"href":"https:\/\/tahiti-homes.com\/en\/wp-json\/wp\/v2\/users\/1"}],"replies":[{"embeddable":true,"href":"https:\/\/tahiti-homes.com\/en\/wp-json\/wp\/v2\/comments?post=4539"}],"version-history":[{"count":5,"href":"https:\/\/tahiti-homes.com\/en\/wp-json\/wp\/v2\/pages\/4539\/revisions"}],"predecessor-version":[{"id":5250,"href":"https:\/\/tahiti-homes.com\/en\/wp-json\/wp\/v2\/pages\/4539\/revisions\/5250"}],"wp:attachment":[{"href":"https:\/\/tahiti-homes.com\/en\/wp-json\/wp\/v2\/media?parent=4539"}],"curies":[{"name":"wp","href":"https:\/\/api.w.org\/{rel}","templated":true}]}}